{"id":75,"date":"2020-01-27T08:29:32","date_gmt":"2020-01-27T08:29:32","guid":{"rendered":"https:\/\/demosites.io\/web-agency-gb\/?page_id=75"},"modified":"2024-03-19T09:36:51","modified_gmt":"2024-03-19T09:36:51","slug":"15c42-web-agency-gb-contact-us","status":"publish","type":"page","link":"https:\/\/tarmonmonitoimipaja.fi\/index.php\/15c42-web-agency-gb-contact-us\/","title":{"rendered":"Yhteystiedot"},"content":{"rendered":"\n<div style=\"height:100px\" aria-hidden=\"true\" class=\"wp-block-spacer\"><\/div>\n\n\n\n<div id=\"wp-block-themeisle-blocks-advanced-columns-9516f01a\" class=\"wp-block-themeisle-blocks-advanced-columns has-1-columns has-desktop-twoOne-layout has-tablet-equal-layout has-mobile-collapsedRows-layout has-vertical-unset\"><div class=\"wp-block-themeisle-blocks-advanced-columns-overlay\"><\/div><div class=\"innerblocks-wrap\">\n<div id=\"wp-block-themeisle-blocks-advanced-column-3394a014\" class=\"wp-block-themeisle-blocks-advanced-column\">\n<div class=\"wp-block-media-text alignwide has-media-on-the-right is-stacked-on-mobile is-image-fill animated fadeIn\"><div class=\"wp-block-media-text__content\">\n<h2 class=\"wp-block-heading has-text-align-center\">Aukioloajat<\/h2>\n\n\n\n<figure class=\"wp-block-table\"><table style=\"border-style:none;border-width:0px\"><tbody><tr><td class=\"has-text-align-right\" data-align=\"right\"><strong>maanantai<\/strong><\/td><td>08:00 &#8211; 16:00<\/td><\/tr><tr><td class=\"has-text-align-right\" data-align=\"right\"><strong>tiistai<\/strong><\/td><td>08:00 &#8211; 16:00<\/td><\/tr><tr><td class=\"has-text-align-right\" data-align=\"right\"><strong>keskiviikko<\/strong><\/td><td>08:00 &#8211; 16:00<\/td><\/tr><tr><td class=\"has-text-align-right\" data-align=\"right\"><strong>torstai<\/strong><\/td><td>08:00 &#8211; 16:00<\/td><\/tr><tr><td class=\"has-text-align-right\" data-align=\"right\"><strong>perjantai<\/strong><\/td><td>08:00 &#8211; 16:00<\/td><\/tr><tr><td class=\"has-text-align-right\" data-align=\"right\"><strong>lauantai<\/strong><\/td><td><em>suljettu<\/em><\/td><\/tr><tr><td class=\"has-text-align-right\" data-align=\"right\"><strong>sunnuntai<\/strong><\/td><td><em>suljettu<\/em><\/td><\/tr><\/tbody><\/table><figcaption class=\"wp-element-caption\">             Hydrauliikkap\u00e4ivystys palvelee sinua 24\/7 numerosta 050 5454812<\/figcaption><\/figure>\n<\/div><figure class=\"wp-block-media-text__media\" style=\"background-image:url(https:\/\/tarmonmonitoimipaja.fi\/wp-content\/uploads\/2023\/03\/rakennus-kesa.jpg);background-position:58% 91%\"><img loading=\"lazy\" decoding=\"async\" width=\"1024\" height=\"838\" src=\"https:\/\/tarmonmonitoimipaja.fi\/wp-content\/uploads\/2023\/03\/rakennus-kesa.jpg\" alt=\"\" class=\"wp-image-486 size-full\" srcset=\"https:\/\/tarmonmonitoimipaja.fi\/wp-content\/uploads\/2023\/03\/rakennus-kesa.jpg 1024w, https:\/\/tarmonmonitoimipaja.fi\/wp-content\/uploads\/2023\/03\/rakennus-kesa-300x246.jpg 300w, https:\/\/tarmonmonitoimipaja.fi\/wp-content\/uploads\/2023\/03\/rakennus-kesa-768x629.jpg 768w\" sizes=\"auto, (max-width: 1024px) 100vw, 1024px\" \/><\/figure><\/div>\n<\/div>\n<\/div><\/div>\n\n\n\n<div style=\"height:100px\" aria-hidden=\"true\" class=\"wp-block-spacer\"><\/div>\n\n\n\n<h2 class=\"wp-block-heading has-text-align-center\">Yhteystiedot<\/h2>\n\n\n\n<div id=\"wp-block-themeisle-blocks-advanced-columns-c2772711\" class=\"wp-block-themeisle-blocks-advanced-columns has-3-columns has-desktop-equal-layout has-tablet-equal-layout has-mobile-collapsedRows-layout has-vertical-unset\"><div class=\"wp-block-themeisle-blocks-advanced-columns-overlay\"><\/div><div class=\"innerblocks-wrap\">\n<div id=\"wp-block-themeisle-blocks-advanced-column-f8cb1e73\" class=\"wp-block-themeisle-blocks-advanced-column\">\n<div id=\"wp-block-themeisle-blocks-flip-53bb92df\" class=\"wp-block-themeisle-blocks-flip anim flipY animated fadeInUp\"><div class=\"o-flip-inner\"><div class=\"o-flip-front\"><div class=\"o-flip-content\"><img decoding=\"async\" class=\"o-img\" src=\"https:\/\/tarmonmonitoimipaja.fi\/wp-content\/uploads\/2023\/10\/1.png\" srcset=\"https:\/\/tarmonmonitoimipaja.fi\/wp-content\/uploads\/2023\/10\/1.png\" alt=\"\"\/><h3><strong>KORJAAMO<\/strong><\/h3><p>klikkaa n\u00e4hd\u00e4ksesi tiedot<\/p><\/div><\/div><div class=\"o-flip-back\">\n<p> <\/p>\n\n\n\n<h3 class=\"wp-block-heading\">KORJAAMO<\/h3>\n\n\n\n<p>050 5454812<br><br>tarmo@monitoimipaja.fi<\/p>\n\n\n\n<div class=\"wp-block-buttons is-content-justification-center is-layout-flex wp-container-core-buttons-is-layout-a89b3969 wp-block-buttons-is-layout-flex\"><\/div>\n<\/div><\/div><\/div>\n<\/div>\n\n\n\n<div id=\"wp-block-themeisle-blocks-advanced-column-d4f241b6\" class=\"wp-block-themeisle-blocks-advanced-column\">\n<div id=\"wp-block-themeisle-blocks-flip-37a8d0d6\" class=\"wp-block-themeisle-blocks-flip anim flipY animated fadeInUp\"><div class=\"o-flip-inner\"><div class=\"o-flip-front\"><div class=\"o-flip-content\"><img decoding=\"async\" class=\"o-img\" src=\"https:\/\/tarmonmonitoimipaja.fi\/wp-content\/uploads\/2023\/10\/2.png\" srcset=\"https:\/\/tarmonmonitoimipaja.fi\/wp-content\/uploads\/2023\/10\/2.png\" alt=\"\"\/><h3><strong>VARAOSAT<\/strong><\/h3><p>klikkaa n\u00e4hd\u00e4ksesi tiedot<\/p><\/div><\/div><div class=\"o-flip-back\">\n<p> <\/p>\n\n\n\n<h3 class=\"wp-block-heading has-text-align-center\">VARAOSAT<\/h3>\n\n\n\n<p class=\"has-text-align-center\">045 3453218<br><br>tiina@monitoimipaja.fi<\/p>\n\n\n\n<div class=\"wp-block-buttons is-content-justification-center is-layout-flex wp-container-core-buttons-is-layout-a89b3969 wp-block-buttons-is-layout-flex\"><\/div>\n<\/div><\/div><\/div>\n<\/div>\n\n\n\n<div id=\"wp-block-themeisle-blocks-advanced-column-2a895d11\" class=\"wp-block-themeisle-blocks-advanced-column\">\n<div id=\"wp-block-themeisle-blocks-flip-ae62a29d\" class=\"wp-block-themeisle-blocks-flip anim flipY animated fadeInUp\"><div class=\"o-flip-inner\"><div class=\"o-flip-front\"><div class=\"o-flip-content\"><img decoding=\"async\" class=\"o-img\" src=\"https:\/\/tarmonmonitoimipaja.fi\/wp-content\/uploads\/2023\/10\/3.png\" srcset=\"https:\/\/tarmonmonitoimipaja.fi\/wp-content\/uploads\/2023\/10\/3.png\" alt=\"\"\/><h3><strong>HYDRAULIIKKA<\/strong><\/h3><p>klikkaa n\u00e4hd\u00e4ksesi tiedot<\/p><\/div><\/div><div class=\"o-flip-back\">\n<p> <\/p>\n\n\n\n<h3 class=\"wp-block-heading\">HYDRAULIIKKA<\/h3>\n\n\n\n<p>050 5454812<br><br>P\u00c4IVYSTYS 24\/7<\/p>\n\n\n\n<div class=\"wp-block-buttons is-content-justification-center is-layout-flex wp-container-core-buttons-is-layout-a89b3969 wp-block-buttons-is-layout-flex\"><\/div>\n<\/div><\/div><\/div>\n<\/div>\n<\/div><\/div>\n\n\n\n<div style=\"height:100px\" aria-hidden=\"true\" class=\"wp-block-spacer\"><\/div>\n\n\n\n<h2 class=\"wp-block-heading has-text-align-center\">L\u00f6yd\u00e4t meid\u00e4t t\u00e4\u00e4lt\u00e4<\/h2>\n\n\n\n<p class=\"has-text-align-center\">Varastoympyr\u00e4 2, 46860 Keltakangas<\/p>\n\n\n<div style=\"height:400pxpx;\" class=\"animated fadeInUp wp-block-themeisle-blocks-leaflet-map\" id=\"wp-block-themeisle-blocks-leaflet-map-514fa88a\"><\/div>\n<script type=\"text\/javascript\">\n\t\/* <![CDATA[ *\/\n\t\tif ( ! window.themeisleLeafletMaps ) window.themeisleLeafletMaps =[];\n\t\twindow.themeisleLeafletMaps.push( { container: \"wp-block-themeisle-blocks-leaflet-map-514fa88a\", attributes: {\"id\":\"wp-block-themeisle-blocks-leaflet-map-514fa88a\",\"location\":\"varastoympyr\\u00e4 2, 46860 keltakangas\",\"latitude\":\"60.74727107308366\",\"longitude\":\"26.836788654327396\",\"bbox\":\"26.82391405105591,60.74517389134573,26.849663257598877,60.749368117776406\",\"zoom\":16,\"markers\":[{\"id\":\"83622564-426c-494f-a755-bc26a6abcfa0\",\"latitude\":60.746453188507715,\"longitude\":26.837496757507328,\"title\":\"Tarmon Monitoimipaja Oy\",\"description\":\"\"}],\"className\":\"animated fadeInUp\",\"height\":\"400px\",\"zoomControl\":true,\"draggable\":true,\"hasCustomCSS\":false,\"customCSS\":\"\",\"otterConditions\":[]} } );\n\t\/* ]]> *\/\n<\/script>\n\n\n\n<div style=\"height:100px\" aria-hidden=\"true\" class=\"wp-block-spacer\"><\/div>\n\n\n\n<h2 class=\"wp-block-heading has-text-align-center\">Laskutustiedot<\/h2>\n\n\n\n<p class=\"has-text-align-center\">Vastaanotamme vain verkkolaskuja, mik\u00e4li yrityksell\u00e4si ei ole <br>verkkolaskutus mahdollisuutta otathan yhteytt\u00e4 meihin!<br>Emme vastaanota laskuja k\u00e4yntiosoitteeseemme<br><br><strong>Tarmon Monitoimipaja Oy, 3332002-7<\/strong><br>Verkkolaskuosoite: 003733320027<br>Operaattori: Maventa (003721291126)<br>V\u00e4litt\u00e4j\u00e4tunnus: DABAFIHH<\/p>\n\n\n\n<ol class=\"wp-block-list\">\n<li><\/li>\n<\/ol>\n\n\n\n<div style=\"height:100px\" aria-hidden=\"true\" class=\"wp-block-spacer\"><\/div>\n","protected":false},"excerpt":{"rendered":"<p>Yhteystiedot L\u00f6yd\u00e4t meid\u00e4t t\u00e4\u00e4lt\u00e4 Varastoympyr\u00e4 2, 46860 Keltakangas Laskutustiedot Vastaanotamme vain verkkolaskuja, mik\u00e4li yrityksell\u00e4si ei ole verkkolaskutus mahdollisuutta otathan yhteytt\u00e4 meihin!Emme vastaanota laskuja k\u00e4yntiosoitteeseemme Tarmon Monitoimipaja Oy, 3332002-7Verkkolaskuosoite: 003733320027Operaattori: Maventa (003721291126)V\u00e4litt\u00e4j\u00e4tunnus: DABAFIHH<\/p>\n","protected":false},"author":1,"featured_media":0,"parent":0,"menu_order":0,"comment_status":"closed","ping_status":"closed","template":"","meta":{"site-sidebar-layout":"default","site-content-layout":"","ast-site-content-layout":"default","site-content-style":"default","site-sidebar-style":"default","ast-global-header-display":"","ast-banner-title-visibility":"","ast-main-header-display":"","ast-hfb-above-header-display":"","ast-hfb-below-header-display":"","ast-hfb-mobile-header-display":"","site-post-title":"disabled","ast-breadcrumbs-content":"","ast-featured-img":"","footer-sml-layout":"","ast-disable-related-posts":"","theme-transparent-header-meta":"","adv-header-id-meta":"","stick-header-meta":"","header-above-stick-meta":"","header-main-stick-meta":"","header-below-stick-meta":"","astra-migrate-meta-layouts":"set","ast-page-background-enabled":"default","ast-page-background-meta":{"desktop":{"background-color":"var(--ast-global-color-4)","background-image":"","background-repeat":"repeat","background-position":"center center","background-size":"auto","background-attachment":"scroll","background-type":"","background-media":"","overlay-type":"","overlay-color":"","overlay-opacity":"","overlay-gradient":""},"tablet":{"background-color":"","background-image":"","background-repeat":"repeat","background-position":"center center","background-size":"auto","background-attachment":"scroll","background-type":"","background-media":"","overlay-type":"","overlay-color":"","overlay-opacity":"","overlay-gradient":""},"mobile":{"background-color":"","background-image":"","background-repeat":"repeat","background-position":"center center","background-size":"auto","background-attachment":"scroll","background-type":"","background-media":"","overlay-type":"","overlay-color":"","overlay-opacity":"","overlay-gradient":""}},"ast-content-background-meta":{"desktop":{"background-color":"var(--ast-global-color-5)","background-image":"","background-repeat":"repeat","background-position":"center center","background-size":"auto","background-attachment":"scroll","background-type":"","background-media":"","overlay-type":"","overlay-color":"","overlay-opacity":"","overlay-gradient":""},"tablet":{"background-color":"var(--ast-global-color-5)","background-image":"","background-repeat":"repeat","background-position":"center center","background-size":"auto","background-attachment":"scroll","background-type":"","background-media":"","overlay-type":"","overlay-color":"","overlay-opacity":"","overlay-gradient":""},"mobile":{"background-color":"var(--ast-global-color-5)","background-image":"","background-repeat":"repeat","background-position":"center center","background-size":"auto","background-attachment":"scroll","background-type":"","background-media":"","overlay-type":"","overlay-color":"","overlay-opacity":"","overlay-gradient":""}},"_themeisle_gutenberg_block_has_review":false,"footnotes":""},"class_list":["post-75","page","type-page","status-publish","hentry"],"jetpack_sharing_enabled":true,"_links":{"self":[{"href":"https:\/\/tarmonmonitoimipaja.fi\/index.php\/wp-json\/wp\/v2\/pages\/75","targetHints":{"allow":["GET"]}}],"collection":[{"href":"https:\/\/tarmonmonitoimipaja.fi\/index.php\/wp-json\/wp\/v2\/pages"}],"about":[{"href":"https:\/\/tarmonmonitoimipaja.fi\/index.php\/wp-json\/wp\/v2\/types\/page"}],"author":[{"embeddable":true,"href":"https:\/\/tarmonmonitoimipaja.fi\/index.php\/wp-json\/wp\/v2\/users\/1"}],"replies":[{"embeddable":true,"href":"https:\/\/tarmonmonitoimipaja.fi\/index.php\/wp-json\/wp\/v2\/comments?post=75"}],"version-history":[{"count":37,"href":"https:\/\/tarmonmonitoimipaja.fi\/index.php\/wp-json\/wp\/v2\/pages\/75\/revisions"}],"predecessor-version":[{"id":666,"href":"https:\/\/tarmonmonitoimipaja.fi\/index.php\/wp-json\/wp\/v2\/pages\/75\/revisions\/666"}],"wp:attachment":[{"href":"https:\/\/tarmonmonitoimipaja.fi\/index.php\/wp-json\/wp\/v2\/media?parent=75"}],"curies":[{"name":"wp","href":"https:\/\/api.w.org\/{rel}","templated":true}]}}