{"id":69,"date":"2020-01-27T08:05:29","date_gmt":"2020-01-27T08:05:29","guid":{"rendered":"https:\/\/demosites.io\/web-agency-gb\/?page_id=69"},"modified":"2023-03-02T07:33:00","modified_gmt":"2023-03-02T07:33:00","slug":"15c42-web-agency-gb-portfolio","status":"publish","type":"page","link":"https:\/\/tarmonmonitoimipaja.fi\/index.php\/15c42-web-agency-gb-portfolio\/","title":{"rendered":"Korjaamo"},"content":{"rendered":"\n<div style=\"height:100px\" aria-hidden=\"true\" class=\"wp-block-spacer\"><\/div>\n\n\n\n<p><\/p>\n\n\n\n<div class=\"wp-block-media-text alignwide is-stacked-on-mobile is-vertically-aligned-center is-image-fill animated fadeIn\"><figure class=\"wp-block-media-text__media\" style=\"background-image:url(http:\/\/tarmonmonitoimipaja.fi\/wp-content\/uploads\/2023\/03\/korjaamo.png);background-position:52% 59%\"><img loading=\"lazy\" decoding=\"async\" width=\"678\" height=\"679\" src=\"http:\/\/tarmonmonitoimipaja.fi\/wp-content\/uploads\/2023\/03\/korjaamo.png\" alt=\"\" class=\"wp-image-484 size-full\" srcset=\"https:\/\/tarmonmonitoimipaja.fi\/wp-content\/uploads\/2023\/03\/korjaamo.png 678w, https:\/\/tarmonmonitoimipaja.fi\/wp-content\/uploads\/2023\/03\/korjaamo-300x300.png 300w, https:\/\/tarmonmonitoimipaja.fi\/wp-content\/uploads\/2023\/03\/korjaamo-150x150.png 150w\" sizes=\"auto, (max-width: 678px) 100vw, 678px\" \/><\/figure><div class=\"wp-block-media-text__content\">\n<h2 class=\"has-text-align-center wp-block-heading\">JCB | NEW HOLLAND | CASE IH<br>valtuutettu merkkihuolto<\/h2>\n\n\n\n<p class=\"has-text-align-center\">Tarmon Monitoimipaja oli vuonna 2011 yhden miehen py\u00f6rill\u00e4 liikkuva korjaamo.<br>Vuonna 2013 huoltoauto kaarsi varastoympyr\u00e4ll\u00e4 sijaitsevan hallin pihaan ja toiminta siirtyi sinne.<\/p>\n\n\n\n<p class=\"has-text-align-center\">Liikkuva huoltoauto palvelee edelleen Kymenlaaksossa ja sen l\u00e4hiymp\u00e4rist\u00f6ss\u00e4 sovitusti. Halli tilaa meilt\u00e4 l\u00f6ytyy reilusti, ja isommatkin koneet mahtuvat katon alle huoltoon vaivatta.<\/p>\n\n\n\n<p class=\"has-text-align-center\">Merkkihuollon lis\u00e4ksi haluamme tarjota asiakkaillemme monipuoliset palvelut ja siksi huollamme my\u00f6s muun merkkiset koneet ik\u00e4\u00e4n katsomatta.<\/p>\n\n\n\n<p class=\"has-text-align-center\">Soita ja kysy lis\u00e4\u00e4!<\/p>\n<\/div><\/div>\n\n\n\n<div style=\"height:100px\" aria-hidden=\"true\" class=\"wp-block-spacer\"><\/div>\n","protected":false},"excerpt":{"rendered":"<p>JCB | NEW HOLLAND | CASE IHvaltuutettu merkkihuolto Tarmon Monitoimipaja oli vuonna 2011 yhden miehen py\u00f6rill\u00e4 liikkuva korjaamo.Vuonna 2013 huoltoauto kaarsi varastoympyr\u00e4ll\u00e4 sijaitsevan hallin pihaan ja toiminta siirtyi sinne. Liikkuva huoltoauto palvelee edelleen Kymenlaaksossa ja sen l\u00e4hiymp\u00e4rist\u00f6ss\u00e4 sovitusti. Halli tilaa meilt\u00e4 l\u00f6ytyy reilusti, ja isommatkin koneet mahtuvat katon alle huoltoon vaivatta. Merkkihuollon lis\u00e4ksi haluamme tarjota [&hellip;]<\/p>\n","protected":false},"author":1,"featured_media":0,"parent":0,"menu_order":0,"comment_status":"closed","ping_status":"closed","template":"","meta":{"site-sidebar-layout":"default","site-content-layout":"","ast-site-content-layout":"default","site-content-style":"default","site-sidebar-style":"default","ast-global-header-display":"","ast-banner-title-visibility":"","ast-main-header-display":"","ast-hfb-above-header-display":"","ast-hfb-below-header-display":"","ast-hfb-mobile-header-display":"","site-post-title":"disabled","ast-breadcrumbs-content":"","ast-featured-img":"","footer-sml-layout":"","ast-disable-related-posts":"","theme-transparent-header-meta":"","adv-header-id-meta":"","stick-header-meta":"","header-above-stick-meta":"","header-main-stick-meta":"","header-below-stick-meta":"","astra-migrate-meta-layouts":"default","ast-page-background-enabled":"default","ast-page-background-meta":{"desktop":{"background-color":"var(--ast-global-color-4)","background-image":"","background-repeat":"repeat","background-position":"center center","background-size":"auto","background-attachment":"scroll","background-type":"","background-media":"","overlay-type":"","overlay-color":"","overlay-opacity":"","overlay-gradient":""},"tablet":{"background-color":"","background-image":"","background-repeat":"repeat","background-position":"center center","background-size":"auto","background-attachment":"scroll","background-type":"","background-media":"","overlay-type":"","overlay-color":"","overlay-opacity":"","overlay-gradient":""},"mobile":{"background-color":"","background-image":"","background-repeat":"repeat","background-position":"center center","background-size":"auto","background-attachment":"scroll","background-type":"","background-media":"","overlay-type":"","overlay-color":"","overlay-opacity":"","overlay-gradient":""}},"ast-content-background-meta":{"desktop":{"background-color":"var(--ast-global-color-5)","background-image":"","background-repeat":"repeat","background-position":"center center","background-size":"auto","background-attachment":"scroll","background-type":"","background-media":"","overlay-type":"","overlay-color":"","overlay-opacity":"","overlay-gradient":""},"tablet":{"background-color":"var(--ast-global-color-5)","background-image":"","background-repeat":"repeat","background-position":"center center","background-size":"auto","background-attachment":"scroll","background-type":"","background-media":"","overlay-type":"","overlay-color":"","overlay-opacity":"","overlay-gradient":""},"mobile":{"background-color":"var(--ast-global-color-5)","background-image":"","background-repeat":"repeat","background-position":"center center","background-size":"auto","background-attachment":"scroll","background-type":"","background-media":"","overlay-type":"","overlay-color":"","overlay-opacity":"","overlay-gradient":""}},"_themeisle_gutenberg_block_has_review":false,"footnotes":""},"class_list":["post-69","page","type-page","status-publish","hentry"],"jetpack_sharing_enabled":true,"_links":{"self":[{"href":"https:\/\/tarmonmonitoimipaja.fi\/index.php\/wp-json\/wp\/v2\/pages\/69","targetHints":{"allow":["GET"]}}],"collection":[{"href":"https:\/\/tarmonmonitoimipaja.fi\/index.php\/wp-json\/wp\/v2\/pages"}],"about":[{"href":"https:\/\/tarmonmonitoimipaja.fi\/index.php\/wp-json\/wp\/v2\/types\/page"}],"author":[{"embeddable":true,"href":"https:\/\/tarmonmonitoimipaja.fi\/index.php\/wp-json\/wp\/v2\/users\/1"}],"replies":[{"embeddable":true,"href":"https:\/\/tarmonmonitoimipaja.fi\/index.php\/wp-json\/wp\/v2\/comments?post=69"}],"version-history":[{"count":12,"href":"https:\/\/tarmonmonitoimipaja.fi\/index.php\/wp-json\/wp\/v2\/pages\/69\/revisions"}],"predecessor-version":[{"id":525,"href":"https:\/\/tarmonmonitoimipaja.fi\/index.php\/wp-json\/wp\/v2\/pages\/69\/revisions\/525"}],"wp:attachment":[{"href":"https:\/\/tarmonmonitoimipaja.fi\/index.php\/wp-json\/wp\/v2\/media?parent=69"}],"curies":[{"name":"wp","href":"https:\/\/api.w.org\/{rel}","templated":true}]}}