{"id":308,"date":"2020-01-13T11:17:52","date_gmt":"2020-01-13T11:17:52","guid":{"rendered":"https:\/\/demosites.io\/web-agency-gb\/?page_id=5"},"modified":"2026-04-24T07:41:18","modified_gmt":"2026-04-24T07:41:18","slug":"15c42-web-agency-gb-home","status":"publish","type":"page","link":"https:\/\/tarmonmonitoimipaja.fi\/","title":{"rendered":"Tarmon Monitoimipaja Oy"},"content":{"rendered":"\n<div style=\"height:100px\" aria-hidden=\"true\" class=\"wp-block-spacer\"><\/div>\n\n\n\n<div id=\"wp-block-themeisle-blocks-advanced-columns-0fd08c25\" class=\"wp-block-themeisle-blocks-advanced-columns has-1-columns has-desktop-twoOne-layout has-tablet-equal-layout has-mobile-collapsedRows-layout has-vertical-unset\"><div class=\"wp-block-themeisle-blocks-advanced-columns-overlay\"><\/div><div class=\"innerblocks-wrap\">\n<div id=\"wp-block-themeisle-blocks-advanced-column-a191c354\" class=\"wp-block-themeisle-blocks-advanced-column\">\n<div id=\"wp-block-themeisle-blocks-advanced-columns-feda697d\" class=\"wp-block-themeisle-blocks-advanced-columns has-1-columns has-desktop-twoOne-layout has-tablet-equal-layout has-mobile-collapsedRows-layout has-vertical-unset\"><div class=\"wp-block-themeisle-blocks-advanced-columns-overlay\"><\/div><div class=\"innerblocks-wrap\">\n<div id=\"wp-block-themeisle-blocks-advanced-column-0f80853c\" class=\"wp-block-themeisle-blocks-advanced-column\">\n<div class=\"wp-block-media-text alignwide has-media-on-the-right is-stacked-on-mobile is-image-fill-element animated fadeIn fast\" style=\"grid-template-columns:auto 55%\"><div class=\"wp-block-media-text__content\">\n<h2 class=\"wp-block-heading o-typing-slow\" style=\"text-transform:uppercase\">Maanrakennus- ja maatalouskoneiden huoltopalveluiden <br>ammattilainen<\/h2>\n\n\n\n<p>Varastoympyr\u00e4 2, 46860 Keltakangas<\/p>\n\n\n\n<ul class=\"wp-block-list\">\n<li>Valtuutettu JCB, ROTOTILT, New Holland ja Case IH huoltokorjaamo<br><\/li>\n\n\n\n<li>Kattava varaosapalvelu, merkist\u00e4 riippumatta<br><\/li>\n\n\n\n<li>Liikkuva huolto ymp\u00e4ri Kymenlaaksoa ja l\u00e4hi ymp\u00e4rist\u00f6\u00e4<br><\/li>\n\n\n\n<li>Laadukas hydrauliikka palvelu<br><\/li>\n\n\n\n<li>Ammattitaidolla jo vuodesta 2011<br><\/li>\n<\/ul>\n<\/div><figure class=\"wp-block-media-text__media\"><img loading=\"lazy\" decoding=\"async\" width=\"768\" height=\"1024\" src=\"https:\/\/tarmonmonitoimipaja.fi\/wp-content\/uploads\/2023\/03\/9bfb0113-27b6-44d9-94e4-f4c8b4ea7574-768x1024.jpg\" alt=\"\" class=\"wp-image-385 size-full\" style=\"object-position:98% 42%\" srcset=\"https:\/\/tarmonmonitoimipaja.fi\/wp-content\/uploads\/2023\/03\/9bfb0113-27b6-44d9-94e4-f4c8b4ea7574-768x1024.jpg 768w, https:\/\/tarmonmonitoimipaja.fi\/wp-content\/uploads\/2023\/03\/9bfb0113-27b6-44d9-94e4-f4c8b4ea7574-225x300.jpg 225w, https:\/\/tarmonmonitoimipaja.fi\/wp-content\/uploads\/2023\/03\/9bfb0113-27b6-44d9-94e4-f4c8b4ea7574-1152x1536.jpg 1152w, https:\/\/tarmonmonitoimipaja.fi\/wp-content\/uploads\/2023\/03\/9bfb0113-27b6-44d9-94e4-f4c8b4ea7574.jpg 1200w\" sizes=\"auto, (max-width: 768px) 100vw, 768px\" \/><\/figure><\/div>\n<\/div>\n<\/div><\/div>\n<\/div>\n<\/div><\/div>\n\n\n\n<div style=\"height:100px\" aria-hidden=\"true\" class=\"wp-block-spacer\"><\/div>\n\n\n\n<div style=\"height:41px\" aria-hidden=\"true\" class=\"wp-block-spacer\"><\/div>\n\n\n\n<div class=\"wp-block-group is-layout-constrained wp-block-group-is-layout-constrained\"><\/div>\n\n\n\n<h2 class=\"wp-block-heading has-text-align-center\">Tarmon Monitoimipajan Korjaamop\u00e4iv\u00e4t tulevat taas!<\/h2>\n\n\n\n<div id=\"wp-block-themeisle-blocks-countdown-a76e1107\" data-date=\"2026-05-16T07:00:00\" class=\"wp-block-themeisle-blocks-countdown\"><div class=\"otter-countdown__container\"><div class=\"otter-countdown__display\"><div name=\"day\" class=\"otter-countdown__display-area is-main-component\"><div class=\"otter-countdown__value\">0<\/div><div class=\"otter-countdown__label\">Day<\/div><\/div><div name=\"hour\" class=\"otter-countdown__display-area is-main-component\"><div class=\"otter-countdown__value\">0<\/div><div class=\"otter-countdown__label\">Hour<\/div><\/div><div name=\"minute\" class=\"otter-countdown__display-area is-main-component\"><div class=\"otter-countdown__value\">0<\/div><div class=\"otter-countdown__label\">Minute<\/div><\/div><div name=\"second\" class=\"otter-countdown__display-area is-main-component\"><div class=\"otter-countdown__value\">0<\/div><div class=\"otter-countdown__label\">Second<\/div><\/div><\/div><\/div><\/div>\n\n\n\n<figure class=\"wp-block-image aligncenter size-large\"><img loading=\"lazy\" decoding=\"async\" width=\"1024\" height=\"724\" src=\"https:\/\/tarmonmonitoimipaja.fi\/wp-content\/uploads\/2026\/04\/korjaamopaivat-26-1024x724.png\" alt=\"\" class=\"wp-image-681\" srcset=\"https:\/\/tarmonmonitoimipaja.fi\/wp-content\/uploads\/2026\/04\/korjaamopaivat-26-1024x724.png 1024w, https:\/\/tarmonmonitoimipaja.fi\/wp-content\/uploads\/2026\/04\/korjaamopaivat-26-300x212.png 300w, https:\/\/tarmonmonitoimipaja.fi\/wp-content\/uploads\/2026\/04\/korjaamopaivat-26-768x543.png 768w, https:\/\/tarmonmonitoimipaja.fi\/wp-content\/uploads\/2026\/04\/korjaamopaivat-26-1536x1086.png 1536w, https:\/\/tarmonmonitoimipaja.fi\/wp-content\/uploads\/2026\/04\/korjaamopaivat-26-2048x1448.png 2048w, https:\/\/tarmonmonitoimipaja.fi\/wp-content\/uploads\/2026\/04\/korjaamopaivat-26-600x424.png 600w\" sizes=\"auto, (max-width: 1024px) 100vw, 1024px\" \/><\/figure>\n\n\n\n<p><\/p>\n","protected":false},"excerpt":{"rendered":"<p>Tarmon Monitoimipajan Korjaamop\u00e4iv\u00e4t tulevat taas!<\/p>\n","protected":false},"author":1,"featured_media":0,"parent":0,"menu_order":0,"comment_status":"closed","ping_status":"closed","template":"","meta":{"site-sidebar-layout":"default","site-content-layout":"","ast-site-content-layout":"default","site-content-style":"default","site-sidebar-style":"default","ast-global-header-display":"","ast-banner-title-visibility":"","ast-main-header-display":"","ast-hfb-above-header-display":"","ast-hfb-below-header-display":"","ast-hfb-mobile-header-display":"","site-post-title":"disabled","ast-breadcrumbs-content":"","ast-featured-img":"","footer-sml-layout":"","ast-disable-related-posts":"","theme-transparent-header-meta":"","adv-header-id-meta":"","stick-header-meta":"","header-above-stick-meta":"","header-main-stick-meta":"","header-below-stick-meta":"","astra-migrate-meta-layouts":"set","ast-page-background-enabled":"default","ast-page-background-meta":{"desktop":{"background-color":"var(--ast-global-color-4)","background-image":"","background-repeat":"repeat","background-position":"center center","background-size":"auto","background-attachment":"scroll","background-type":"","background-media":"","overlay-type":"","overlay-color":"","overlay-opacity":"","overlay-gradient":""},"tablet":{"background-color":"","background-image":"","background-repeat":"repeat","background-position":"center center","background-size":"auto","background-attachment":"scroll","background-type":"","background-media":"","overlay-type":"","overlay-color":"","overlay-opacity":"","overlay-gradient":""},"mobile":{"background-color":"","background-image":"","background-repeat":"repeat","background-position":"center center","background-size":"auto","background-attachment":"scroll","background-type":"","background-media":"","overlay-type":"","overlay-color":"","overlay-opacity":"","overlay-gradient":""}},"ast-content-background-meta":{"desktop":{"background-color":"var(--ast-global-color-5)","background-image":"","background-repeat":"repeat","background-position":"center center","background-size":"auto","background-attachment":"scroll","background-type":"","background-media":"","overlay-type":"","overlay-color":"","overlay-opacity":"","overlay-gradient":""},"tablet":{"background-color":"var(--ast-global-color-5)","background-image":"","background-repeat":"repeat","background-position":"center center","background-size":"auto","background-attachment":"scroll","background-type":"","background-media":"","overlay-type":"","overlay-color":"","overlay-opacity":"","overlay-gradient":""},"mobile":{"background-color":"var(--ast-global-color-5)","background-image":"","background-repeat":"repeat","background-position":"center center","background-size":"auto","background-attachment":"scroll","background-type":"","background-media":"","overlay-type":"","overlay-color":"","overlay-opacity":"","overlay-gradient":""}},"_themeisle_gutenberg_block_has_review":false,"footnotes":""},"class_list":["post-308","page","type-page","status-publish","hentry"],"jetpack_sharing_enabled":true,"_links":{"self":[{"href":"https:\/\/tarmonmonitoimipaja.fi\/index.php\/wp-json\/wp\/v2\/pages\/308","targetHints":{"allow":["GET"]}}],"collection":[{"href":"https:\/\/tarmonmonitoimipaja.fi\/index.php\/wp-json\/wp\/v2\/pages"}],"about":[{"href":"https:\/\/tarmonmonitoimipaja.fi\/index.php\/wp-json\/wp\/v2\/types\/page"}],"author":[{"embeddable":true,"href":"https:\/\/tarmonmonitoimipaja.fi\/index.php\/wp-json\/wp\/v2\/users\/1"}],"replies":[{"embeddable":true,"href":"https:\/\/tarmonmonitoimipaja.fi\/index.php\/wp-json\/wp\/v2\/comments?post=308"}],"version-history":[{"count":32,"href":"https:\/\/tarmonmonitoimipaja.fi\/index.php\/wp-json\/wp\/v2\/pages\/308\/revisions"}],"predecessor-version":[{"id":683,"href":"https:\/\/tarmonmonitoimipaja.fi\/index.php\/wp-json\/wp\/v2\/pages\/308\/revisions\/683"}],"wp:attachment":[{"href":"https:\/\/tarmonmonitoimipaja.fi\/index.php\/wp-json\/wp\/v2\/media?parent=308"}],"curies":[{"name":"wp","href":"https:\/\/api.w.org\/{rel}","templated":true}]}}